{"id":3375,"date":"2025-07-16T11:39:33","date_gmt":"2025-07-16T11:39:33","guid":{"rendered":"https:\/\/suarezcapital.co\/carrera\/"},"modified":"2025-08-29T08:59:43","modified_gmt":"2025-08-29T08:59:43","slug":"carrera","status":"publish","type":"page","link":"https:\/\/suarezcapital.co\/es\/carrera\/","title":{"rendered":"Trabaja con nosotros"},"content":{"rendered":"\t\t<div data-elementor-type=\"wp-page\" data-elementor-id=\"3375\" class=\"elementor elementor-3375 elementor-806\" data-elementor-post-type=\"page\">\n\t\t\t\t<div class=\"elementor-element elementor-element-29c1a85 e-flex e-con-boxed e-con e-parent\" data-id=\"29c1a85\" data-element_type=\"container\" data-e-type=\"container\" data-settings=\"{&quot;background_background&quot;:&quot;classic&quot;,&quot;jet_parallax_layout_list&quot;:[]}\">\n\t\t\t\t\t<div class=\"e-con-inner\">\n\t\t\t\t<div class=\"elementor-element elementor-element-b742745 elementor-widget elementor-widget-heading\" data-id=\"b742745\" data-element_type=\"widget\" data-e-type=\"widget\" data-widget_type=\"heading.default\">\n\t\t\t\t\t<h2 class=\"elementor-heading-title elementor-size-default\">\u00danete al Equipo<br> <b>de Suarez Capital<\/b><\/h2>\t\t\t\t<\/div>\n\t\t\t\t\t<\/div>\n\t\t\t\t<\/div>\n\t\t<div class=\"elementor-element elementor-element-d6a3ae1 e-flex e-con-boxed e-con e-parent\" data-id=\"d6a3ae1\" data-element_type=\"container\" data-e-type=\"container\" data-settings=\"{&quot;jet_parallax_layout_list&quot;:[]}\">\n\t\t\t\t\t<div class=\"e-con-inner\">\n\t\t<div class=\"elementor-element elementor-element-85a70e9 e-con-full e-flex e-con e-child\" data-id=\"85a70e9\" data-element_type=\"container\" data-e-type=\"container\" data-settings=\"{&quot;jet_parallax_layout_list&quot;:[]}\">\n\t\t\t\t<div class=\"elementor-element elementor-element-1548888 elementor-widget elementor-widget-heading\" data-id=\"1548888\" data-element_type=\"widget\" data-e-type=\"widget\" data-widget_type=\"heading.default\">\n\t\t\t\t\t<h2 class=\"elementor-heading-title elementor-size-default\">\u00bfQuieres trabajar con <br><b>Suarez Capital Villas<\/b>?<\/h2>\t\t\t\t<\/div>\n\t\t\t\t<\/div>\n\t\t<div class=\"elementor-element elementor-element-a3d6e61 e-con-full e-flex e-con e-child\" data-id=\"a3d6e61\" data-element_type=\"container\" data-e-type=\"container\" data-settings=\"{&quot;jet_parallax_layout_list&quot;:[]}\">\n\t\t\t\t<div class=\"elementor-element elementor-element-9279591 elementor-widget elementor-widget-text-editor\" data-id=\"9279591\" data-element_type=\"widget\" data-e-type=\"widget\" data-widget_type=\"text-editor.default\">\n\t\t\t\t\t\t\t\t\t<p>Desde arquitectos visionarios y expertos en construcci\u00f3n hasta profesionales de ventas, marketing y experiencia del cliente, damos la bienvenida a personas apasionadas y listas para generar un impacto.<\/p>\n<p>\u00bfCrees que tienes lo que se necesita? Env\u00eda tu CV a <strong><a href=\"mailto:info@suarezcapital.co\">info@suarezcapital.co<\/a><\/strong> y construyamos algo excepcional juntos.<\/p>\n\t\t\t\t\t\t\t\t<\/div>\n\t\t\t\t<\/div>\n\t\t\t\t\t<\/div>\n\t\t\t\t<\/div>\n\t\t<div class=\"elementor-element elementor-element-ce44610 e-flex e-con-boxed e-con e-parent\" data-id=\"ce44610\" data-element_type=\"container\" data-e-type=\"container\" data-settings=\"{&quot;jet_parallax_layout_list&quot;:[]}\">\n\t\t\t\t\t<div class=\"e-con-inner\">\n\t\t\t\t<div class=\"elementor-element elementor-element-54f1bf5 elementor-widget elementor-widget-heading\" data-id=\"54f1bf5\" data-element_type=\"widget\" data-e-type=\"widget\" data-widget_type=\"heading.default\">\n\t\t\t\t\t<h2 class=\"elementor-heading-title elementor-size-default\">Disponibilidades actuales<\/h2>\t\t\t\t<\/div>\n\t\t\t\t<div class=\"elementor-element elementor-element-4e295f8 elementor-widget elementor-widget-n-accordion\" data-id=\"4e295f8\" data-element_type=\"widget\" data-e-type=\"widget\" data-settings=\"{&quot;default_state&quot;:&quot;expanded&quot;,&quot;max_items_expended&quot;:&quot;one&quot;,&quot;n_accordion_animation_duration&quot;:{&quot;unit&quot;:&quot;ms&quot;,&quot;size&quot;:400,&quot;sizes&quot;:[]}}\" data-widget_type=\"nested-accordion.default\">\n\t\t\t\t\t\t\t<div class=\"e-n-accordion\" aria-label=\"Accordion. Open links with Enter or Space, close with Escape, and navigate with Arrow Keys\">\n\t\t\t\t\t\t<details id=\"e-n-accordion-item-8190\" class=\"e-n-accordion-item\" open>\n\t\t\t\t<summary class=\"e-n-accordion-item-title\" data-accordion-index=\"1\" tabindex=\"0\" aria-expanded=\"true\" aria-controls=\"e-n-accordion-item-8190\" >\n\t\t\t\t\t<span class='e-n-accordion-item-title-header'><div class=\"e-n-accordion-item-title-text\"> Creador de Contenido y Gestor de Redes Sociales <\/div><\/span>\n\t\t\t\t\t\t\t<span class='e-n-accordion-item-title-icon'>\n\t\t\t<span class='e-opened' ><svg aria-hidden=\"true\" class=\"e-font-icon-svg e-fas-minus\" viewBox=\"0 0 448 512\" xmlns=\"http:\/\/www.w3.org\/2000\/svg\"><path d=\"M416 208H32c-17.67 0-32 14.33-32 32v32c0 17.67 14.33 32 32 32h384c17.67 0 32-14.33 32-32v-32c0-17.67-14.33-32-32-32z\"><\/path><\/svg><\/span>\n\t\t\t<span class='e-closed'><svg aria-hidden=\"true\" class=\"e-font-icon-svg e-fas-plus\" viewBox=\"0 0 448 512\" xmlns=\"http:\/\/www.w3.org\/2000\/svg\"><path d=\"M416 208H272V64c0-17.67-14.33-32-32-32h-32c-17.67 0-32 14.33-32 32v144H32c-17.67 0-32 14.33-32 32v32c0 17.67 14.33 32 32 32h144v144c0 17.67 14.33 32 32 32h32c17.67 0 32-14.33 32-32V304h144c17.67 0 32-14.33 32-32v-32c0-17.67-14.33-32-32-32z\"><\/path><\/svg><\/span>\n\t\t<\/span>\n\n\t\t\t\t\t\t<\/summary>\n\t\t\t\t<div role=\"region\" aria-labelledby=\"e-n-accordion-item-8190\" class=\"elementor-element elementor-element-0c2b4e0 e-con-full e-flex e-con e-child\" data-id=\"0c2b4e0\" data-element_type=\"container\" data-e-type=\"container\" data-settings=\"{&quot;jet_parallax_layout_list&quot;:[]}\">\n\t\t\t\t<div class=\"elementor-element elementor-element-b0f98b3 elementor-widget__width-inherit elementor-widget-tablet__width-inherit elementor-widget elementor-widget-text-editor\" data-id=\"b0f98b3\" data-element_type=\"widget\" data-e-type=\"widget\" data-widget_type=\"text-editor.default\">\n\t\t\t\t\t\t\t\t\t<p>Su\u00e1rez Capital es una empresa l\u00edder en inversi\u00f3n y desarrollo inmobiliario en Bali, especializada en gesti\u00f3n de villas, construcci\u00f3n y servicios boutique para inversores. Buscamos un Creador de Contenido y Gestor de Redes Sociales apasionado y creativo para unirse a nuestro equipo y potenciar nuestra presencia en redes sociales y YouTube.<\/p>\n<p><strong>Responsabilidades<\/strong><\/p>\n<ul>\n<li>Dise\u00f1ar y ejecutar el plan de contenido para todas las plataformas digitales (Instagram, TikTok, YouTube).<\/li>\n<li>Grabar y producir videos enfocados en bienes ra\u00edces, inversi\u00f3n y estilo de vida en Bali.<\/li>\n<li>Crear miniaturas atractivas y optimizadas para YouTube e Instagram.<\/li>\n<li>Editar videos de alta calidad adaptados a cada plataforma.<\/li>\n<li>Gestionar y optimizar cuentas de Instagram, TikTok y YouTube para maximizar crecimiento e interacci\u00f3n.<\/li>\n<li>Monitorear m\u00e9tricas clave de desempe\u00f1o y proponer mejoras estrat\u00e9gicas.<\/li>\n<li>Mantenerse actualizado con las \u00faltimas tendencias en marketing digital y redes sociales.<\/li>\n<\/ul>\n<p><strong>Requisitos<\/strong><\/p>\n<ul>\n<li>Experiencia comprobable en creaci\u00f3n de contenido y edici\u00f3n de video (portafolio requerido).<\/li>\n<li>Dominio de herramientas de edici\u00f3n de video y dise\u00f1o gr\u00e1fico (por ejemplo, Adobe Premiere, Final Cut, Photoshop, Canva).<\/li>\n<li>Conocimiento de estrategias de crecimiento para Instagram, TikTok y YouTube.<\/li>\n<li>Creatividad, iniciativa y fuertes habilidades organizativas.<\/li>\n<li>Buen nivel de ingl\u00e9s escrito y hablado (el espa\u00f1ol es un plus).<\/li>\n<li>Capacidad para trabajar en Bali (\u00e1rea de Kerobokan\/Canggu).<\/li>\n<li>Disponibilidad inmediata es un plus.<\/li>\n<li>Nacionalidad indonesia.<\/li>\n<li>Edad: entre 18 y 35 a\u00f1os.<\/li>\n<\/ul>\n<p><strong>Ofrecemos<\/strong><\/p>\n<ul>\n<li>Integrarte en una empresa en crecimiento con proyecci\u00f3n internacional.<\/li>\n<li>Entorno din\u00e1mico y creativo en la industria inmobiliaria y de inversiones.<\/li>\n<li>Oportunidades de crecimiento profesional dentro de la empresa.<\/li>\n<li>Remuneraci\u00f3n competitiva basada en experiencia y desempe\u00f1o.<\/li>\n<\/ul>\n<p>\ud83d\udce9 Para postular, env\u00eda tu CV + portafolio de trabajos previos a: <a href=\"mailto:info@suarezcapital.com\">info@suarezcapital.com<\/a><\/p>\n\t\t\t\t\t\t\t\t<\/div>\n\t\t\t\t<\/div>\n\t\t\t\t\t<\/details>\n\t\t\t\t\t<\/div>\n\t\t\t\t\t\t<\/div>\n\t\t\t\t\t<\/div>\n\t\t\t\t<\/div>\n\t\t<div class=\"elementor-element elementor-element-52e3c5e e-con-full e-flex e-con e-parent\" data-id=\"52e3c5e\" data-element_type=\"container\" data-e-type=\"container\" data-settings=\"{&quot;jet_parallax_layout_list&quot;:[]}\">\n\t\t\t\t<div class=\"elementor-element elementor-element-ef7bba8 elementor-widget elementor-widget-template\" data-id=\"ef7bba8\" data-element_type=\"widget\" data-e-type=\"widget\" data-widget_type=\"template.default\">\n\t\t\t\t<div class=\"elementor-widget-container\">\n\t\t\t\t\t\t\t<div class=\"elementor-template\">\n\t\t\t\t\t<div data-elementor-type=\"section\" data-elementor-id=\"3351\" class=\"elementor elementor-3351 elementor-1454\" data-elementor-post-type=\"elementor_library\">\n\t\t\t<div class=\"elementor-element elementor-element-24b6f37 e-flex e-con-boxed e-con e-parent\" data-id=\"24b6f37\" data-element_type=\"container\" data-e-type=\"container\" data-settings=\"{&quot;background_background&quot;:&quot;classic&quot;,&quot;jet_parallax_layout_list&quot;:[]}\">\n\t\t\t\t\t<div class=\"e-con-inner\">\n\t\t<div class=\"elementor-element elementor-element-4708ff2 e-con-full elementor-hidden-mobile e-flex e-con e-child\" data-id=\"4708ff2\" data-element_type=\"container\" data-e-type=\"container\" data-settings=\"{&quot;jet_parallax_layout_list&quot;:[]}\">\n\t\t\t\t<\/div>\n\t\t<div class=\"elementor-element elementor-element-703c0e2 e-con-full e-flex e-con e-child\" data-id=\"703c0e2\" data-element_type=\"container\" data-e-type=\"container\" data-settings=\"{&quot;jet_parallax_layout_list&quot;:[]}\">\n\t\t\t\t<div class=\"elementor-element elementor-element-4e3664f elementor-widget elementor-widget-heading\" data-id=\"4e3664f\" data-element_type=\"widget\" data-e-type=\"widget\" data-widget_type=\"heading.default\">\n\t\t\t\t\t<h2 class=\"elementor-heading-title elementor-size-default\">RESERVA Tu <br> <span class=\"bold-text\">CONSULTOR\u00cdA GRATUITA<br><\/span><\/h2>\t\t\t\t<\/div>\n\t\t\t\t<div class=\"elementor-element elementor-element-02a4747 elementor-widget elementor-widget-text-editor\" data-id=\"02a4747\" data-element_type=\"widget\" data-e-type=\"widget\" data-widget_type=\"text-editor.default\">\n\t\t\t\t\t\t\t\t\t<p>Invertir en Bali abre la puerta a un estilo de vida excepcional y a oportunidades \u00fanicas.<\/p>\n<article class=\"text-token-text-primary w-full focus:outline-none scroll-mt-[calc(var(--header-height)+min(200px,max(70px,20svh)))]\" dir=\"auto\" tabindex=\"-1\" data-turn-id=\"request-68affeb2-e0f0-832c-a1b5-736aed2f6431-6\" data-testid=\"conversation-turn-18\" data-scroll-anchor=\"true\" data-turn=\"assistant\">\n<div class=\"text-base my-auto mx-auto pb-10 [--thread-content-margin:--spacing(4)] @[37rem]:[--thread-content-margin:--spacing(6)] @[72rem]:[--thread-content-margin:--spacing(16)] px-(--thread-content-margin)\">\n<div class=\"[--thread-content-max-width:32rem] @[34rem]:[--thread-content-max-width:40rem] @[64rem]:[--thread-content-max-width:48rem] mx-auto max-w-(--thread-content-max-width) flex-1 group\/turn-messages focus-visible:outline-hidden relative flex w-full min-w-0 flex-col agent-turn\" tabindex=\"-1\">\n<div class=\"flex max-w-full flex-col grow\">\n<div class=\"min-h-8 text-message relative flex w-full flex-col items-end gap-2 text-start break-words whitespace-normal [.text-message+&amp;]:mt-5\" dir=\"auto\" data-message-author-role=\"assistant\" data-message-id=\"f563021b-b69f-49a4-80ba-9160e0fb9918\" data-message-model-slug=\"gpt-5\">\n<div class=\"flex w-full flex-col gap-1 empty:hidden first:pt-[3px]\">\n<div class=\"markdown prose dark:prose-invert w-full break-words light markdown-new-styling\">\n<p data-start=\"0\" data-end=\"250\" data-is-last-node=\"\" data-is-only-node=\"\">Nuestro equipo de expertos se encarga de cada paso para garantizarte una experiencia sin complicaciones. Cont\u00e1ctanos hoy mismo para agendar tu consulta privada.<\/p>\n<\/div>\n<\/div>\n<\/div>\n<\/div>\n<\/div>\n<\/div>\n<\/article>\n\t\t\t\t\t\t\t\t<\/div>\n\t\t\t\t<div class=\"elementor-element elementor-element-d0e3073 elementor-tablet-align-left elementor-mobile-align-center elementor-widget elementor-widget-button\" data-id=\"d0e3073\" data-element_type=\"widget\" data-e-type=\"widget\" data-widget_type=\"button.default\">\n\t\t\t\t\t\t\t\t\t\t<a class=\"elementor-button elementor-button-link elementor-size-sm\" href=\"https:\/\/suarezcapital.co\/es\/contact\/\">\n\t\t\t\t\t\t<span class=\"elementor-button-content-wrapper\">\n\t\t\t\t\t\t\t\t\t<span class=\"elementor-button-text\">Consultanos Ahora<\/span>\n\t\t\t\t\t<\/span>\n\t\t\t\t\t<\/a>\n\t\t\t\t\t\t\t\t<\/div>\n\t\t\t\t<\/div>\n\t\t\t\t\t<\/div>\n\t\t\t\t<\/div>\n\t\t<div class=\"elementor-element elementor-element-1477035 e-flex e-con-boxed e-con e-parent\" data-id=\"1477035\" data-element_type=\"container\" data-e-type=\"container\" data-settings=\"{&quot;background_background&quot;:&quot;classic&quot;,&quot;jet_parallax_layout_list&quot;:[]}\">\n\t\t\t\t\t<div class=\"e-con-inner\">\n\t\t<div class=\"elementor-element elementor-element-cb16bd6 e-con-full e-flex e-con e-child\" data-id=\"cb16bd6\" data-element_type=\"container\" data-e-type=\"container\" data-settings=\"{&quot;jet_parallax_layout_list&quot;:[]}\">\n\t\t<div class=\"elementor-element elementor-element-69fdf36 e-con-full e-flex e-con e-child\" data-id=\"69fdf36\" data-element_type=\"container\" data-e-type=\"container\" data-settings=\"{&quot;jet_parallax_layout_list&quot;:[]}\">\n\t\t\t\t<div class=\"elementor-element elementor-element-71c0c7a elementor-widget-tablet__width-auto elementor-widget-mobile__width-inherit elementor-widget elementor-widget-heading\" data-id=\"71c0c7a\" data-element_type=\"widget\" data-e-type=\"widget\" data-widget_type=\"heading.default\">\n\t\t\t\t\t<h2 class=\"elementor-heading-title elementor-size-default\">DESCUBRE M\u00c1S<br> <span class=\"bold-text\">\u00a1HABLEMOS!<\/span><\/h2>\t\t\t\t<\/div>\n\t\t\t\t<\/div>\n\t\t<div class=\"elementor-element elementor-element-3c70e84 e-con-full e-flex e-con e-child\" data-id=\"3c70e84\" data-element_type=\"container\" data-e-type=\"container\" data-settings=\"{&quot;jet_parallax_layout_list&quot;:[]}\">\n\t\t\t\t<\/div>\n\t\t\t\t<\/div>\n\t\t<div class=\"elementor-element elementor-element-32d3d68 e-con-full e-flex e-con e-child\" data-id=\"32d3d68\" data-element_type=\"container\" data-e-type=\"container\" data-settings=\"{&quot;jet_parallax_layout_list&quot;:[]}\">\n\t\t\t\t<div class=\"elementor-element elementor-element-d54e935 elementor-button-align-start elementor-widget__width-inherit elementor-widget elementor-widget-form\" data-id=\"d54e935\" data-element_type=\"widget\" data-e-type=\"widget\" data-settings=\"{&quot;step_next_label&quot;:&quot;Siguiente&quot;,&quot;step_previous_label&quot;:&quot;Anterior&quot;,&quot;button_width&quot;:&quot;100&quot;,&quot;step_type&quot;:&quot;number_text&quot;,&quot;step_icon_shape&quot;:&quot;circle&quot;}\" data-widget_type=\"form.default\">\n\t\t\t\t\t\t\t<form class=\"elementor-form\" method=\"post\" name=\"Formulario de contacto\" aria-label=\"Formulario de contacto\">\n\t\t\t<input type=\"hidden\" name=\"post_id\" value=\"3351\"\/>\n\t\t\t<input type=\"hidden\" name=\"form_id\" value=\"d54e935\"\/>\n\t\t\t<input type=\"hidden\" name=\"referer_title\" value=\"Portafolio - SUAREZ CAPITAL VILLAS\" \/>\n\n\t\t\t\t\t\t\t<input type=\"hidden\" name=\"queried_id\" value=\"3401\"\/>\n\t\t\t\n\t\t\t<div class=\"elementor-form-fields-wrapper elementor-labels-\">\n\t\t\t\t\t\t\t\t<div class=\"elementor-field-type-text elementor-field-group elementor-column elementor-field-group-name elementor-col-33 elementor-field-required\">\n\t\t\t\t\t\t\t\t\t\t\t\t<label for=\"form-field-name\" class=\"elementor-field-label elementor-screen-only\">\n\t\t\t\t\t\t\t\tNombre\t\t\t\t\t\t\t<\/label>\n\t\t\t\t\t\t\t\t\t\t\t\t\t\t<input size=\"1\" type=\"text\" name=\"form_fields[name]\" id=\"form-field-name\" class=\"elementor-field elementor-size-md  elementor-field-textual\" placeholder=\"Nombre*\" required=\"required\">\n\t\t\t\t\t\t\t\t\t\t\t<\/div>\n\t\t\t\t\t\t\t\t<div class=\"elementor-field-type-email elementor-field-group elementor-column elementor-field-group-email elementor-col-33 elementor-field-required\">\n\t\t\t\t\t\t\t\t\t\t\t\t<label for=\"form-field-email\" class=\"elementor-field-label elementor-screen-only\">\n\t\t\t\t\t\t\t\tEmail\t\t\t\t\t\t\t<\/label>\n\t\t\t\t\t\t\t\t\t\t\t\t\t\t<input size=\"1\" type=\"email\" name=\"form_fields[email]\" id=\"form-field-email\" class=\"elementor-field elementor-size-md  elementor-field-textual\" placeholder=\"Correo electr\u00f3nico*\" required=\"required\">\n\t\t\t\t\t\t\t\t\t\t\t<\/div>\n\t\t\t\t\t\t\t\t<div class=\"elementor-field-type-hulk_epfitf_telephone elementor-field-group elementor-column elementor-field-group-field_a635592 elementor-col-33 elementor-field-required\">\n\t\t\t\t\t\t\t\t\t\t\t\t<label for=\"form-field-field_a635592\" class=\"elementor-field-label elementor-screen-only\">\n\t\t\t\t\t\t\t\tTel\u00e9fono\t\t\t\t\t\t\t<\/label>\n\t\t\t\t\t\t<div\r\n\tclass=\"hulk_epfitf_telephone_wrap elementor-repeater-item-a635592\"\r\n\tdata-settings='{\"_id\":\"a635592\",\"id\":\"form-field-field_a635592\",\"custom_id\":\"field_a635592\",\"name\":\"form_fields[field_a635592]\",\"class\":\"elementor-field elementor-size-md elementor-field-textual\",\"value\":\"\",\"required\":true,\"placeholder\":\"\",\"initialCountry\":\"us\",\"onlyCountries\":[],\"excludeCountries\":[],\"countryOrder\":[],\"nationalMode\":true,\"strictMode\":true,\"enableValidation\":true}'\r\n>\r\n\t<input\r\n\t\ttype=\"text\"\r\n\t\tid=\"form-field-field_a635592\"\r\n\t\tname=\"form_fields[field_a635592]\"\r\n\t\tclass=\"elementor-field elementor-size-md  elementor-field-textual\"\r\n\t\tvalue=\"\"\r\n\t\tplaceholder=\"\"\r\n\t>\r\n<\/div>\r\n\t\t\t\t<\/div>\n\t\t\t\t\t\t\t\t<div class=\"elementor-field-type-textarea elementor-field-group elementor-column elementor-field-group-message elementor-col-100\">\n\t\t\t\t\t\t\t\t\t\t\t\t<label for=\"form-field-message\" class=\"elementor-field-label elementor-screen-only\">\n\t\t\t\t\t\t\t\tMensaje\t\t\t\t\t\t\t<\/label>\n\t\t\t\t\t\t<textarea class=\"elementor-field-textual elementor-field  elementor-size-md\" name=\"form_fields[message]\" id=\"form-field-message\" rows=\"5\" placeholder=\"Mensaje*\"><\/textarea>\t\t\t\t<\/div>\n\t\t\t\t\t\t\t\t<div class=\"elementor-field-group elementor-column elementor-field-type-submit elementor-col-100 e-form__buttons\">\n\t\t\t\t\t<button class=\"elementor-button elementor-size-sm\" type=\"submit\">\n\t\t\t\t\t\t<span class=\"elementor-button-content-wrapper\">\n\t\t\t\t\t\t\t\t\t\t\t\t\t\t\t\t\t\t\t\t\t\t<span class=\"elementor-button-text\">Enviar<\/span>\n\t\t\t\t\t\t\t\t\t\t\t\t\t<\/span>\n\t\t\t\t\t<\/button>\n\t\t\t\t<\/div>\n\t\t\t<\/div>\n\t\t<\/form>\n\t\t\t\t\t\t<\/div>\n\t\t\t\t<\/div>\n\t\t\t\t\t<\/div>\n\t\t\t\t<\/div>\n\t\t\t\t<\/div>\n\t\t\t\t<\/div>\n\t\t\t\t\t\t<\/div>\n\t\t\t\t<\/div>\n\t\t\t\t<\/div>\n\t\t\t\t<\/div>\n\t\t","protected":false},"excerpt":{"rendered":"<p>\u00danete al Equipo de Suarez Capital \u00bfQuieres trabajar con Suarez Capital Villas? Desde arquitectos visionarios y expertos en construcci\u00f3n hasta profesionales de ventas, marketing y experiencia del cliente, damos la bienvenida a personas apasionadas y listas para generar un impacto. \u00bfCrees que tienes lo que se necesita? Env\u00eda tu CV a info@suarezcapital.co y construyamos algo [&hellip;]<\/p>\n","protected":false},"author":2,"featured_media":0,"parent":0,"menu_order":0,"comment_status":"closed","ping_status":"closed","template":"","meta":{"_acf_changed":false,"footnotes":""},"class_list":["post-3375","page","type-page","status-publish","hentry"],"blocksy_meta":[],"acf":[],"_links":{"self":[{"href":"https:\/\/suarezcapital.co\/es\/wp-json\/wp\/v2\/pages\/3375","targetHints":{"allow":["GET"]}}],"collection":[{"href":"https:\/\/suarezcapital.co\/es\/wp-json\/wp\/v2\/pages"}],"about":[{"href":"https:\/\/suarezcapital.co\/es\/wp-json\/wp\/v2\/types\/page"}],"author":[{"embeddable":true,"href":"https:\/\/suarezcapital.co\/es\/wp-json\/wp\/v2\/users\/2"}],"replies":[{"embeddable":true,"href":"https:\/\/suarezcapital.co\/es\/wp-json\/wp\/v2\/comments?post=3375"}],"version-history":[{"count":5,"href":"https:\/\/suarezcapital.co\/es\/wp-json\/wp\/v2\/pages\/3375\/revisions"}],"predecessor-version":[{"id":3759,"href":"https:\/\/suarezcapital.co\/es\/wp-json\/wp\/v2\/pages\/3375\/revisions\/3759"}],"wp:attachment":[{"href":"https:\/\/suarezcapital.co\/es\/wp-json\/wp\/v2\/media?parent=3375"}],"curies":[{"name":"wp","href":"https:\/\/api.w.org\/{rel}","templated":true}]}}