{"id":3373,"date":"2025-07-12T12:02:03","date_gmt":"2025-07-12T12:02:03","guid":{"rendered":"https:\/\/suarezcapital.co\/blog\/"},"modified":"2025-08-29T09:00:58","modified_gmt":"2025-08-29T09:00:58","slug":"blog","status":"publish","type":"page","link":"https:\/\/suarezcapital.co\/es\/blog\/","title":{"rendered":"Blog"},"content":{"rendered":"\t\t<div data-elementor-type=\"wp-page\" data-elementor-id=\"3373\" class=\"elementor elementor-3373 elementor-41\" data-elementor-post-type=\"page\">\n\t\t\t\t<div class=\"elementor-element elementor-element-9fbd611 e-flex e-con-boxed e-con e-parent\" data-id=\"9fbd611\" data-element_type=\"container\" data-e-type=\"container\" data-settings=\"{&quot;background_background&quot;:&quot;classic&quot;,&quot;jet_parallax_layout_list&quot;:[]}\">\n\t\t\t\t\t<div class=\"e-con-inner\">\n\t\t\t\t<div class=\"elementor-element elementor-element-c314fea elementor-widget elementor-widget-heading\" data-id=\"c314fea\" data-element_type=\"widget\" data-e-type=\"widget\" data-widget_type=\"heading.default\">\n\t\t\t\t\t<h2 class=\"elementor-heading-title elementor-size-default\"><b>Perspectivas Inmobiliarias de Bali<\/b><\/h2>\t\t\t\t<\/div>\n\t\t\t\t<div class=\"elementor-element elementor-element-56c2332 elementor-widget-divider--view-line elementor-widget elementor-widget-divider\" data-id=\"56c2332\" data-element_type=\"widget\" data-e-type=\"widget\" data-widget_type=\"divider.default\">\n\t\t\t\t\t\t\t<div class=\"elementor-divider\">\n\t\t\t<span class=\"elementor-divider-separator\">\n\t\t\t\t\t\t<\/span>\n\t\t<\/div>\n\t\t\t\t\t\t<\/div>\n\t\t\t\t<div class=\"elementor-element elementor-element-65934cb elementor-widget__width-initial elementor-widget elementor-widget-text-editor\" data-id=\"65934cb\" data-element_type=\"widget\" data-e-type=\"widget\" data-widget_type=\"text-editor.default\">\n\t\t\t\t\t\t\t\t\t<p><strong>Explora las tendencias del mercado, consejos de expertos y lo m\u00e1s reciente en bienes ra\u00edces en Bali.<\/strong><br \/>Mantente informado con nuestro blog seleccionado, que cubre estrategias de inversi\u00f3n, actualizaciones de desarrollo y propiedad de villas en Bali.<\/p>\n\t\t\t\t\t\t\t\t<\/div>\n\t\t\t\t\t<\/div>\n\t\t\t\t<\/div>\n\t\t<div class=\"elementor-element elementor-element-cc54094 e-flex e-con-boxed e-con e-parent\" data-id=\"cc54094\" data-element_type=\"container\" data-e-type=\"container\" data-settings=\"{&quot;jet_parallax_layout_list&quot;:[]}\">\n\t\t\t\t\t<div class=\"e-con-inner\">\n\t\t\t\t<div class=\"elementor-element elementor-element-076f174 elementor-grid-1 elementor-grid-tablet-1 elementor-grid-mobile-1 elementor-widget elementor-widget-loop-grid\" data-id=\"076f174\" data-element_type=\"widget\" data-e-type=\"widget\" data-settings=\"{&quot;template_id&quot;:3369,&quot;columns&quot;:1,&quot;columns_tablet&quot;:1,&quot;_skin&quot;:&quot;post&quot;,&quot;columns_mobile&quot;:&quot;1&quot;,&quot;edit_handle_selector&quot;:&quot;[data-elementor-type=\\&quot;loop-item\\&quot;]&quot;,&quot;row_gap&quot;:{&quot;unit&quot;:&quot;px&quot;,&quot;size&quot;:&quot;&quot;,&quot;sizes&quot;:[]},&quot;row_gap_tablet&quot;:{&quot;unit&quot;:&quot;px&quot;,&quot;size&quot;:&quot;&quot;,&quot;sizes&quot;:[]},&quot;row_gap_mobile&quot;:{&quot;unit&quot;:&quot;px&quot;,&quot;size&quot;:&quot;&quot;,&quot;sizes&quot;:[]}}\" data-widget_type=\"loop-grid.post\">\n\t\t\t\t\t\t\t<div class=\"elementor-loop-container elementor-grid\" role=\"list\">\n\t\t<style id=\"loop-3369\">.elementor-3369 .elementor-element.elementor-element-7a82a15{--display:flex;--flex-direction:row;--container-widget-width:initial;--container-widget-height:100%;--container-widget-flex-grow:1;--container-widget-align-self:stretch;--flex-wrap-mobile:wrap;--justify-content:center;--gap:0px 0px;--row-gap:0px;--column-gap:0px;--margin-top:0px;--margin-bottom:0px;--margin-left:0px;--margin-right:0px;--padding-top:0px;--padding-bottom:0px;--padding-left:0px;--padding-right:0px;}.elementor-3369 .elementor-element.elementor-element-0caf777{--display:flex;--margin-top:0px;--margin-bottom:0px;--margin-left:0px;--margin-right:0px;--padding-top:0px;--padding-bottom:0px;--padding-left:0px;--padding-right:0px;}.elementor-3369 .elementor-element.elementor-element-0caf777.e-con{--flex-grow:0;--flex-shrink:0;}.elementor-3369 .elementor-element.elementor-element-453d6a3 img{max-width:100%;height:560px;object-fit:cover;object-position:center center;}.elementor-3369 .elementor-element.elementor-element-8d9efba{--display:flex;--justify-content:center;border-style:solid;--border-style:solid;border-width:1px 1px 1px 1px;--border-top-width:1px;--border-right-width:1px;--border-bottom-width:1px;--border-left-width:1px;border-color:var( --e-global-color-blocksy_palette_5 );--border-color:var( --e-global-color-blocksy_palette_5 );box-shadow:2px 2px 5px 0px rgba(0, 0, 0, 0.08);--margin-top:25px;--margin-bottom:25px;--margin-left:-25px;--margin-right:0px;--padding-top:25px;--padding-bottom:25px;--padding-left:30px;--padding-right:30px;}.elementor-3369 .elementor-element.elementor-element-8d9efba:not(.elementor-motion-effects-element-type-background), .elementor-3369 .elementor-element.elementor-element-8d9efba > .elementor-motion-effects-container > .elementor-motion-effects-layer{background-color:var( --e-global-color-91feee8 );}.elementor-3369 .elementor-element.elementor-element-1067f51 .elementor-heading-title{font-family:\"Montserrat\", Sans-serif;font-size:24px;font-weight:600;text-transform:capitalize;line-height:1.3em;}.elementor-3369 .elementor-element.elementor-element-f24a633{--divider-border-style:solid;--divider-color:#000;--divider-border-width:1px;}.elementor-3369 .elementor-element.elementor-element-f24a633 .elementor-divider-separator{width:100%;}.elementor-3369 .elementor-element.elementor-element-f24a633 .elementor-divider{padding-block-start:10px;padding-block-end:10px;}.elementor-3369 .elementor-element.elementor-element-63af638{font-family:\"Montserrat\", Sans-serif;font-size:14px;font-weight:400;line-height:2em;color:var( --e-global-color-primary );}.elementor-3369 .elementor-element.elementor-element-3f3ac88 .elementor-icon-list-icon i{color:#A8A8A8;font-size:12px;}.elementor-3369 .elementor-element.elementor-element-3f3ac88 .elementor-icon-list-icon svg{fill:#A8A8A8;--e-icon-list-icon-size:12px;}.elementor-3369 .elementor-element.elementor-element-3f3ac88 .elementor-icon-list-icon{width:12px;}.elementor-3369 .elementor-element.elementor-element-3f3ac88 .elementor-icon-list-text, .elementor-3369 .elementor-element.elementor-element-3f3ac88 .elementor-icon-list-text a{color:#A8A8A8;}.elementor-3369 .elementor-element.elementor-element-3f3ac88 .elementor-icon-list-item{font-family:\"Montserrat\", Sans-serif;font-size:12px;font-weight:300;}.elementor-3369 .elementor-element.elementor-element-c9b5f68 .elementor-button{font-family:\"Montserrat\", Sans-serif;font-size:15px;font-weight:400;text-transform:capitalize;fill:var( --e-global-color-91feee8 );color:var( --e-global-color-91feee8 );background-color:var( --e-global-color-primary );border-style:solid;border-width:1px 1px 1px 1px;border-color:var( --e-global-color-primary );border-radius:0px 0px 0px 0px;padding:12px 30px 12px 30px;}.elementor-3369 .elementor-element.elementor-element-c9b5f68 .elementor-button:hover, .elementor-3369 .elementor-element.elementor-element-c9b5f68 .elementor-button:focus{color:var( --e-global-color-primary );background-color:var( --e-global-color-91feee8 );border-color:var( --e-global-color-primary );}.elementor-3369 .elementor-element.elementor-element-c9b5f68 .elementor-button:hover svg, .elementor-3369 .elementor-element.elementor-element-c9b5f68 .elementor-button:focus svg{fill:var( --e-global-color-primary );}.elementor-3369 .elementor-element.elementor-element-c9b5f68{margin:0px 0px calc(var(--kit-widget-spacing, 0px) + 0px) 0px;padding:0px 0px 15px 0px;}@media(min-width:768px){.elementor-3369 .elementor-element.elementor-element-0caf777{--width:50%;}.elementor-3369 .elementor-element.elementor-element-8d9efba{--width:50%;}}@media(max-width:1024px) and (min-width:768px){.elementor-3369 .elementor-element.elementor-element-0caf777{--width:100%;}.elementor-3369 .elementor-element.elementor-element-8d9efba{--width:100%;}}@media(max-width:1024px){.elementor-3369 .elementor-element.elementor-element-7a82a15{--flex-direction:column;--container-widget-width:100%;--container-widget-height:initial;--container-widget-flex-grow:0;--container-widget-align-self:initial;--flex-wrap-mobile:wrap;}.elementor-3369 .elementor-element.elementor-element-453d6a3 img{max-width:100%;height:100%;}.elementor-3369 .elementor-element.elementor-element-8d9efba{--margin-top:0px;--margin-bottom:0px;--margin-left:0px;--margin-right:0px;}.elementor-3369 .elementor-element.elementor-element-1067f51 .elementor-heading-title{font-size:23px;}.elementor-3369 .elementor-element.elementor-element-63af638{font-size:14px;}.elementor-3369 .elementor-element.elementor-element-3f3ac88 .elementor-icon-list-item{font-size:13px;}.elementor-3369 .elementor-element.elementor-element-c9b5f68{padding:0px 0px 20px 0px;}}@media(max-width:767px){.elementor-3369 .elementor-element.elementor-element-453d6a3 img{max-width:100%;height:100%;}.elementor-3369 .elementor-element.elementor-element-8d9efba{--gap:15px 0px;--row-gap:15px;--column-gap:0px;--margin-top:0px;--margin-bottom:0px;--margin-left:0px;--margin-right:0px;--padding-top:20px;--padding-bottom:20px;--padding-left:20px;--padding-right:20px;}.elementor-3369 .elementor-element.elementor-element-1067f51{text-align:center;}.elementor-3369 .elementor-element.elementor-element-1067f51 .elementor-heading-title{font-size:20px;line-height:1.2em;}.elementor-3369 .elementor-element.elementor-element-63af638{text-align:center;font-size:14px;line-height:1.8em;}.elementor-3369 .elementor-element.elementor-element-3f3ac88 .elementor-icon-list-item{font-size:12px;}.elementor-3369 .elementor-element.elementor-element-c9b5f68 .elementor-button{font-size:16px;}.elementor-3369 .elementor-element.elementor-element-c9b5f68{margin:0px 0px calc(var(--kit-widget-spacing, 0px) + 0px) 0px;padding:10px 0px 20px 0px;}}<\/style>\t\t<div data-elementor-type=\"loop-item\" data-elementor-id=\"3369\" class=\"elementor elementor-3369 elementor-962 e-loop-item e-loop-item-4342 post-4342 post type-post status-publish format-standard has-post-thumbnail hentry category-uncategorized\" data-elementor-post-type=\"elementor_library\" data-custom-edit-handle=\"1\">\n\t\t\t<div class=\"elementor-element elementor-element-7a82a15 e-flex e-con-boxed e-con e-parent\" data-id=\"7a82a15\" data-element_type=\"container\" data-e-type=\"container\" data-settings=\"{&quot;jet_parallax_layout_list&quot;:[]}\">\n\t\t\t\t\t<div class=\"e-con-inner\">\n\t\t<div class=\"elementor-element elementor-element-0caf777 e-con-full e-flex e-con e-child\" data-id=\"0caf777\" data-element_type=\"container\" data-e-type=\"container\" data-settings=\"{&quot;jet_parallax_layout_list&quot;:[]}\">\n\t\t\t\t<div class=\"elementor-element elementor-element-453d6a3 elementor-widget elementor-widget-image\" data-id=\"453d6a3\" data-element_type=\"widget\" data-e-type=\"widget\" data-widget_type=\"image.default\">\n\t\t\t\t\t\t\t\t\t\t\t\t\t\t\t\t<a href=\"https:\/\/suarezcapital.co\/es\/de-ingeniero-a-constructor-bali-fracasos-exito\/\">\n\t\t\t\t\t\t\t<img fetchpriority=\"high\" decoding=\"async\" width=\"980\" height=\"602\" src=\"https:\/\/suarezcapital.co\/wp-content\/uploads\/2026\/04\/01-Isaac_11zon.webp\" class=\"attachment-full size-full wp-image-4351\" alt=\"\" srcset=\"https:\/\/suarezcapital.co\/wp-content\/uploads\/2026\/04\/01-Isaac_11zon.webp 980w, https:\/\/suarezcapital.co\/wp-content\/uploads\/2026\/04\/01-Isaac_11zon-300x184.webp 300w, https:\/\/suarezcapital.co\/wp-content\/uploads\/2026\/04\/01-Isaac_11zon-768x472.webp 768w, https:\/\/suarezcapital.co\/wp-content\/uploads\/2026\/04\/01-Isaac_11zon-600x369.webp 600w\" sizes=\"(max-width: 980px) 100vw, 980px\" \/>\t\t\t\t\t\t\t\t<\/a>\n\t\t\t\t\t\t\t\t\t\t\t\t\t\t\t<\/div>\n\t\t\t\t<\/div>\n\t\t<div class=\"elementor-element elementor-element-8d9efba e-con-full e-flex e-con e-child\" data-id=\"8d9efba\" data-element_type=\"container\" data-e-type=\"container\" data-settings=\"{&quot;background_background&quot;:&quot;classic&quot;,&quot;jet_parallax_layout_list&quot;:[]}\">\n\t\t\t\t<div class=\"elementor-element elementor-element-1067f51 elementor-widget elementor-widget-heading\" data-id=\"1067f51\" data-element_type=\"widget\" data-e-type=\"widget\" data-widget_type=\"heading.default\">\n\t\t\t\t\t<h2 class=\"elementor-heading-title elementor-size-default\"><a href=\"https:\/\/suarezcapital.co\/es\/de-ingeniero-a-constructor-bali-fracasos-exito\/\">Por qu\u00e9 vend\u00ed mi seguridad por una visi\u00f3n en Bali: C\u00f3mo construir un patrimonio (y un esp\u00edritu) de hierro<\/a><\/h2>\t\t\t\t<\/div>\n\t\t\t\t<div class=\"elementor-element elementor-element-f24a633 elementor-widget-divider--view-line elementor-widget elementor-widget-divider\" data-id=\"f24a633\" data-element_type=\"widget\" data-e-type=\"widget\" data-widget_type=\"divider.default\">\n\t\t\t\t\t\t\t<div class=\"elementor-divider\">\n\t\t\t<span class=\"elementor-divider-separator\">\n\t\t\t\t\t\t<\/span>\n\t\t<\/div>\n\t\t\t\t\t\t<\/div>\n\t\t\t\t<div class=\"elementor-element elementor-element-63af638 elementor-widget elementor-widget-theme-post-excerpt\" data-id=\"63af638\" data-element_type=\"widget\" data-e-type=\"widget\" data-widget_type=\"theme-post-excerpt.default\">\n\t\t\t\t\t<p>El Cambio En 2017, ten\u00eda lo que el mundo llama \u00abseguridad\u00bb. Era ingeniero en el Reino Unido. Ten\u00eda un sueldo estable que crec\u00eda con mi rendimiento y una proyecci\u00f3n profesional a largo plazo que cualquier espa\u00f1ol que haya emigrado a UK a ejercer de \u201clo suyo\u201d considerar\u00eda como el sue\u00f1o conseguido. Pero la verdad, por [&hellip;]<\/p>\t\t\t\t<\/div>\n\t\t\t\t<div class=\"elementor-element elementor-element-3f3ac88 elementor-tablet-align-left elementor-mobile-align-center elementor-widget elementor-widget-post-info\" data-id=\"3f3ac88\" data-element_type=\"widget\" data-e-type=\"widget\" data-widget_type=\"post-info.default\">\n\t\t\t\t\t\t\t<ul class=\"elementor-inline-items elementor-icon-list-items elementor-post-info\">\n\t\t\t\t\t\t\t\t<li class=\"elementor-icon-list-item elementor-repeater-item-0edc754 elementor-inline-item\" itemprop=\"datePublished\">\n\t\t\t\t\t\t<a href=\"https:\/\/suarezcapital.co\/es\/2026\/04\/14\/\">\n\t\t\t\t\t\t\t\t\t\t\t<span class=\"elementor-icon-list-icon\">\n\t\t\t\t\t\t\t\t<svg aria-hidden=\"true\" class=\"e-font-icon-svg e-fas-calendar\" viewBox=\"0 0 448 512\" xmlns=\"http:\/\/www.w3.org\/2000\/svg\"><path d=\"M12 192h424c6.6 0 12 5.4 12 12v260c0 26.5-21.5 48-48 48H48c-26.5 0-48-21.5-48-48V204c0-6.6 5.4-12 12-12zm436-44v-36c0-26.5-21.5-48-48-48h-48V12c0-6.6-5.4-12-12-12h-40c-6.6 0-12 5.4-12 12v52H160V12c0-6.6-5.4-12-12-12h-40c-6.6 0-12 5.4-12 12v52H48C21.5 64 0 85.5 0 112v36c0 6.6 5.4 12 12 12h424c6.6 0 12-5.4 12-12z\"><\/path><\/svg>\t\t\t\t\t\t\t<\/span>\n\t\t\t\t\t\t\t\t\t<span class=\"elementor-icon-list-text elementor-post-info__item elementor-post-info__item--type-date\">\n\t\t\t\t\t\t\t\t\t\t<time>abril 14, 2026<\/time>\t\t\t\t\t<\/span>\n\t\t\t\t\t\t\t\t\t<\/a>\n\t\t\t\t<\/li>\n\t\t\t\t<\/ul>\n\t\t\t\t\t\t<\/div>\n\t\t\t\t<div class=\"elementor-element elementor-element-c9b5f68 elementor-tablet-align-left elementor-mobile-align-center elementor-widget elementor-widget-button\" data-id=\"c9b5f68\" data-element_type=\"widget\" data-e-type=\"widget\" data-widget_type=\"button.default\">\n\t\t\t\t\t\t\t\t\t\t<a class=\"elementor-button elementor-button-link elementor-size-sm\" href=\"https:\/\/suarezcapital.co\/es\/de-ingeniero-a-constructor-bali-fracasos-exito\/\">\n\t\t\t\t\t\t<span class=\"elementor-button-content-wrapper\">\n\t\t\t\t\t\t\t\t\t<span class=\"elementor-button-text\">Leer m\u00e1s<\/span>\n\t\t\t\t\t<\/span>\n\t\t\t\t\t<\/a>\n\t\t\t\t\t\t\t\t<\/div>\n\t\t\t\t<\/div>\n\t\t\t\t\t<\/div>\n\t\t\t\t<\/div>\n\t\t\t\t<\/div>\n\t\t\t\t<div data-elementor-type=\"loop-item\" data-elementor-id=\"3369\" class=\"elementor elementor-3369 elementor-962 e-loop-item e-loop-item-3472 post-3472 post type-post status-publish format-standard has-post-thumbnail hentry category-sin-categoria\" data-elementor-post-type=\"elementor_library\" data-custom-edit-handle=\"1\">\n\t\t\t<div class=\"elementor-element elementor-element-7a82a15 e-flex e-con-boxed e-con e-parent\" data-id=\"7a82a15\" data-element_type=\"container\" data-e-type=\"container\" data-settings=\"{&quot;jet_parallax_layout_list&quot;:[]}\">\n\t\t\t\t\t<div class=\"e-con-inner\">\n\t\t<div class=\"elementor-element elementor-element-0caf777 e-con-full e-flex e-con e-child\" data-id=\"0caf777\" data-element_type=\"container\" data-e-type=\"container\" data-settings=\"{&quot;jet_parallax_layout_list&quot;:[]}\">\n\t\t\t\t<div class=\"elementor-element elementor-element-453d6a3 elementor-widget elementor-widget-image\" data-id=\"453d6a3\" data-element_type=\"widget\" data-e-type=\"widget\" data-widget_type=\"image.default\">\n\t\t\t\t\t\t\t\t\t\t\t\t\t\t\t\t<a href=\"https:\/\/suarezcapital.co\/es\/es-ahora-el-momento-de-invertir-en-bienes-raices-en-bali\/\">\n\t\t\t\t\t\t\t<img decoding=\"async\" width=\"2036\" height=\"1352\" src=\"https:\/\/suarezcapital.co\/wp-content\/uploads\/2025\/08\/aerial-shot-beautiful-green-landscape-with-high-mountains-sagada-philippines_11zon.webp\" class=\"attachment-full size-full wp-image-3295\" alt=\"\" srcset=\"https:\/\/suarezcapital.co\/wp-content\/uploads\/2025\/08\/aerial-shot-beautiful-green-landscape-with-high-mountains-sagada-philippines_11zon.webp 2036w, https:\/\/suarezcapital.co\/wp-content\/uploads\/2025\/08\/aerial-shot-beautiful-green-landscape-with-high-mountains-sagada-philippines_11zon-300x199.webp 300w, https:\/\/suarezcapital.co\/wp-content\/uploads\/2025\/08\/aerial-shot-beautiful-green-landscape-with-high-mountains-sagada-philippines_11zon-1024x680.webp 1024w, https:\/\/suarezcapital.co\/wp-content\/uploads\/2025\/08\/aerial-shot-beautiful-green-landscape-with-high-mountains-sagada-philippines_11zon-768x510.webp 768w, https:\/\/suarezcapital.co\/wp-content\/uploads\/2025\/08\/aerial-shot-beautiful-green-landscape-with-high-mountains-sagada-philippines_11zon-1536x1020.webp 1536w, https:\/\/suarezcapital.co\/wp-content\/uploads\/2025\/08\/aerial-shot-beautiful-green-landscape-with-high-mountains-sagada-philippines_11zon-600x398.webp 600w\" sizes=\"(max-width: 2036px) 100vw, 2036px\" \/>\t\t\t\t\t\t\t\t<\/a>\n\t\t\t\t\t\t\t\t\t\t\t\t\t\t\t<\/div>\n\t\t\t\t<\/div>\n\t\t<div class=\"elementor-element elementor-element-8d9efba e-con-full e-flex e-con e-child\" data-id=\"8d9efba\" data-element_type=\"container\" data-e-type=\"container\" data-settings=\"{&quot;background_background&quot;:&quot;classic&quot;,&quot;jet_parallax_layout_list&quot;:[]}\">\n\t\t\t\t<div class=\"elementor-element elementor-element-1067f51 elementor-widget elementor-widget-heading\" data-id=\"1067f51\" data-element_type=\"widget\" data-e-type=\"widget\" data-widget_type=\"heading.default\">\n\t\t\t\t\t<h2 class=\"elementor-heading-title elementor-size-default\"><a href=\"https:\/\/suarezcapital.co\/es\/es-ahora-el-momento-de-invertir-en-bienes-raices-en-bali\/\">\u00bfEs ahora el momento de invertir en bienes ra\u00edces en Bali?<\/a><\/h2>\t\t\t\t<\/div>\n\t\t\t\t<div class=\"elementor-element elementor-element-f24a633 elementor-widget-divider--view-line elementor-widget elementor-widget-divider\" data-id=\"f24a633\" data-element_type=\"widget\" data-e-type=\"widget\" data-widget_type=\"divider.default\">\n\t\t\t\t\t\t\t<div class=\"elementor-divider\">\n\t\t\t<span class=\"elementor-divider-separator\">\n\t\t\t\t\t\t<\/span>\n\t\t<\/div>\n\t\t\t\t\t\t<\/div>\n\t\t\t\t<div class=\"elementor-element elementor-element-63af638 elementor-widget elementor-widget-theme-post-excerpt\" data-id=\"63af638\" data-element_type=\"widget\" data-e-type=\"widget\" data-widget_type=\"theme-post-excerpt.default\">\n\t\t\t\t\t<p>&#013; Bali contin\u00faa atrayendo a inversores de todo el mundo con su pr\u00f3spero turismo, paisajes impresionantes y altos rendimientos de alquiler. A medida que la demanda de villas de lujo y terrenos prime aumenta, 2025 presenta una oportunidad \u00fanica para entrar al mercado. Ya sea que busque ingresos pasivos o un estilo de vida tropical, [&hellip;]<\/p>\t\t\t\t<\/div>\n\t\t\t\t<div class=\"elementor-element elementor-element-3f3ac88 elementor-tablet-align-left elementor-mobile-align-center elementor-widget elementor-widget-post-info\" data-id=\"3f3ac88\" data-element_type=\"widget\" data-e-type=\"widget\" data-widget_type=\"post-info.default\">\n\t\t\t\t\t\t\t<ul class=\"elementor-inline-items elementor-icon-list-items elementor-post-info\">\n\t\t\t\t\t\t\t\t<li class=\"elementor-icon-list-item elementor-repeater-item-0edc754 elementor-inline-item\" itemprop=\"datePublished\">\n\t\t\t\t\t\t<a href=\"https:\/\/suarezcapital.co\/es\/2025\/07\/12\/\">\n\t\t\t\t\t\t\t\t\t\t\t<span class=\"elementor-icon-list-icon\">\n\t\t\t\t\t\t\t\t<svg aria-hidden=\"true\" class=\"e-font-icon-svg e-fas-calendar\" viewBox=\"0 0 448 512\" xmlns=\"http:\/\/www.w3.org\/2000\/svg\"><path d=\"M12 192h424c6.6 0 12 5.4 12 12v260c0 26.5-21.5 48-48 48H48c-26.5 0-48-21.5-48-48V204c0-6.6 5.4-12 12-12zm436-44v-36c0-26.5-21.5-48-48-48h-48V12c0-6.6-5.4-12-12-12h-40c-6.6 0-12 5.4-12 12v52H160V12c0-6.6-5.4-12-12-12h-40c-6.6 0-12 5.4-12 12v52H48C21.5 64 0 85.5 0 112v36c0 6.6 5.4 12 12 12h424c6.6 0 12-5.4 12-12z\"><\/path><\/svg>\t\t\t\t\t\t\t<\/span>\n\t\t\t\t\t\t\t\t\t<span class=\"elementor-icon-list-text elementor-post-info__item elementor-post-info__item--type-date\">\n\t\t\t\t\t\t\t\t\t\t<time>julio 12, 2025<\/time>\t\t\t\t\t<\/span>\n\t\t\t\t\t\t\t\t\t<\/a>\n\t\t\t\t<\/li>\n\t\t\t\t<\/ul>\n\t\t\t\t\t\t<\/div>\n\t\t\t\t<div class=\"elementor-element elementor-element-c9b5f68 elementor-tablet-align-left elementor-mobile-align-center elementor-widget elementor-widget-button\" data-id=\"c9b5f68\" data-element_type=\"widget\" data-e-type=\"widget\" data-widget_type=\"button.default\">\n\t\t\t\t\t\t\t\t\t\t<a class=\"elementor-button elementor-button-link elementor-size-sm\" href=\"https:\/\/suarezcapital.co\/es\/es-ahora-el-momento-de-invertir-en-bienes-raices-en-bali\/\">\n\t\t\t\t\t\t<span class=\"elementor-button-content-wrapper\">\n\t\t\t\t\t\t\t\t\t<span class=\"elementor-button-text\">Leer m\u00e1s<\/span>\n\t\t\t\t\t<\/span>\n\t\t\t\t\t<\/a>\n\t\t\t\t\t\t\t\t<\/div>\n\t\t\t\t<\/div>\n\t\t\t\t\t<\/div>\n\t\t\t\t<\/div>\n\t\t\t\t<\/div>\n\t\t\t\t<\/div>\n\t\t\n\t\t\t\t\t\t<\/div>\n\t\t\t\t\t<\/div>\n\t\t\t\t<\/div>\n\t\t\t\t<\/div>\n\t\t","protected":false},"excerpt":{"rendered":"<p>Perspectivas Inmobiliarias de Bali Explora las tendencias del mercado, consejos de expertos y lo m\u00e1s reciente en bienes ra\u00edces en Bali.Mantente informado con nuestro blog seleccionado, que cubre estrategias de inversi\u00f3n, actualizaciones de desarrollo y propiedad de villas en Bali.<\/p>\n","protected":false},"author":2,"featured_media":0,"parent":0,"menu_order":0,"comment_status":"closed","ping_status":"closed","template":"","meta":{"_acf_changed":false,"footnotes":""},"class_list":["post-3373","page","type-page","status-publish","hentry"],"blocksy_meta":[],"acf":[],"_links":{"self":[{"href":"https:\/\/suarezcapital.co\/es\/wp-json\/wp\/v2\/pages\/3373","targetHints":{"allow":["GET"]}}],"collection":[{"href":"https:\/\/suarezcapital.co\/es\/wp-json\/wp\/v2\/pages"}],"about":[{"href":"https:\/\/suarezcapital.co\/es\/wp-json\/wp\/v2\/types\/page"}],"author":[{"embeddable":true,"href":"https:\/\/suarezcapital.co\/es\/wp-json\/wp\/v2\/users\/2"}],"replies":[{"embeddable":true,"href":"https:\/\/suarezcapital.co\/es\/wp-json\/wp\/v2\/comments?post=3373"}],"version-history":[{"count":3,"href":"https:\/\/suarezcapital.co\/es\/wp-json\/wp\/v2\/pages\/3373\/revisions"}],"predecessor-version":[{"id":3761,"href":"https:\/\/suarezcapital.co\/es\/wp-json\/wp\/v2\/pages\/3373\/revisions\/3761"}],"wp:attachment":[{"href":"https:\/\/suarezcapital.co\/es\/wp-json\/wp\/v2\/media?parent=3373"}],"curies":[{"name":"wp","href":"https:\/\/api.w.org\/{rel}","templated":true}]}}